{"id":558,"date":"2019-09-04T11:16:01","date_gmt":"2019-09-04T11:16:01","guid":{"rendered":"http:\/\/www.dascomcardprinter.at\/?page_id=558"},"modified":"2022-09-06T07:53:19","modified_gmt":"2022-09-06T07:53:19","slug":"datenschutzerklaerung","status":"publish","type":"page","link":"https:\/\/www.dascomcardprinter.at\/index.php\/datenschutzerklaerung\/","title":{"rendered":"Datenschutzerkl\u00e4rung"},"content":{"rendered":"<div class=\"flex_column av_one_full  flex_column_div av-zero-column-padding first  avia-builder-el-0  avia-builder-el-no-sibling  \" style='border-radius:0px; '><section class=\"av_textblock_section \"  itemscope=\"itemscope\" itemtype=\"https:\/\/schema.org\/CreativeWork\" ><div class='avia_textblock  '   itemprop=\"text\" ><h1>Datenschutzerkl\u00e4rung<\/h1>\n<h3>1. Einleitung<\/h3>\n<p>Wir, die ANA-U GmbH, nehmen den Schutz Ihrer pers\u00f6nlichen Daten sehr ernst und halten uns strikt an die Regeln der Datenschutzgesetze.<br \/>\nDie nachfolgende Erkl\u00e4rung gibt Ihnen einen \u00dcberblick dar\u00fcber, wie wir diesen Schutz gew\u00e4hrleisten und welche Art von Daten zu welchem Zweck erhoben werden.<\/p>\n<h3>2. Information \u00fcber die Erhebung personenbezogener Daten<\/h3>\n<p>Im Folgenden informieren wir \u00fcber die Erhebung personenbezogener Daten bei Nutzung dieser Website. Personenbezogene Daten sind alle Daten, die auf Sie pers\u00f6nlich beziehbar sind, also z. B. Name, Adresse, E-Mail-Adressen, Nutzerverhalten.<\/p>\n<h3>3. Datensicherheit<\/h3>\n<p>Wir unterhalten technische Ma\u00dfnahmen zur Gew\u00e4hrleistung der Datensicherheit, insbesondere zum Schutz Ihrer personenbezogenen Daten vor Gefahren bei Daten\u00fcbertragungen sowie vor Kenntniserlangung durch Dritte. Diese werden dem aktuellen Stand der Technik entsprechend jeweils angepasst.<\/p>\n<h3>4. Erhebung personenbezogener Daten bei informatorischer Nutzung<\/h3>\n<p>Bei der blo\u00df informatorischen Nutzung der Website, also wenn Sie sich nicht zur Nutzung der<br \/>\nWebsite anmelden, registrieren oder uns sonst Informationen \u00fcbermitteln, erheben wir keine<br \/>\npersonenbezogenen Daten, mit Ausnahme der Daten, die Ihr Browser \u00fcbermittelt, um Ihnen<br \/>\nden Besuch der Website zu erm\u00f6glichen. Diese sind:<\/p>\n<ul>\n<li>IP-Adresse<\/li>\n<li>Datum und Uhrzeit der Anfrage<\/li>\n<li>Zeitzonendifferenz zur Greenwich Mean Time (GMT)<\/li>\n<li>Inhalt der Anforderung (konkrete Seite)<\/li>\n<li>Zugriffsstatus\/HTTP-Statuscode<\/li>\n<li>jeweils \u00fcbertragene Datenmenge<\/li>\n<li>Website, von der die Anforderung kommt<\/li>\n<li>Browser<\/li>\n<li>Betriebssystem und dessen Oberfl\u00e4che<\/li>\n<li>Sprache und Version der Browsersoftware<\/li>\n<li>Das Land aus dem der Besucher kommt<\/li>\n<\/ul>\n<h3 id=\"cookies\">5. Informationen zur Cookie-Nutzung<\/h3>\n<p>Weiterhin werden bei Nutzung der Website Cookies auf Ihrem Rechner gespeichert. Bei Cookies handelt es sich um kleine Textdateien, die auf Ihrer Festplatte dem von Ihnen verwendeten Browser zugeordnet gespeichert werden und durch welche der Stelle, die den Cookie setzt (in diesem Fall also uns), bestimmte Informationen zuflie\u00dfen. Cookies k\u00f6nnen keine Programme ausf\u00fchren oder Viren auf Ihren Computer \u00fcbertragen. Sie dienen dazu, das<br \/>\nInternetangebot insgesamt nutzerfreundlicher und effektiver zu machen.<br \/>\nWir setzen Cookies dazu ein, um Sie f\u00fcr Folgebesuche identifizieren zu k\u00f6nnen, und die Sprache laut ihres letzten Besuchs voreinzustellen. Andernfalls m\u00fcssten Sie f\u00fcr jeden Besuch die Sprache neu w\u00e4hlen.<br \/>\nDie mit Hilfe von Cookies gespeicherten Informationen werden getrennt von eventuell weiter bei uns angegeben Daten gespeichert. Insbesondere werden die Daten der Cookies nicht mit Ihren weiteren Daten verkn\u00fcpft.<br \/>\nDiese Website nutzt unter anderem persistente Cookies. Persistente Cookies werden automatisiert nach einer vorgegebenen Dauer gel\u00f6scht, die sich je nach Cookie unterscheiden kann. Die Persistente Cookies, die wir einsetzen, laufen circa 1 Tag nachdem sie nicht mehr genutzt werden bzw. nachdem der Browser geschlossen wird ab.<br \/>\nSie k\u00f6nnen die Cookies in den Sicherheitseinstellungen Ihres Browsers jederzeit l\u00f6schen.<\/p>\n<h3 id=\"analy\">6. Einsatz von Google Analytics<\/h3>\n<p>Diese Website benutzt Google Analytics, einen Webanalysedienst der Google Inc. (\u201eGoogle\u201c). Google Analytics verwendet sog. \u201eCookies\u201c, Textdateien, die auf Ihrem Computer gespeichert werden und die eine Analyse der Benutzung der Website durch Sie erm\u00f6glichen. Die durch den Cookie erzeugten Informationen \u00fcber Ihre Benutzung dieser Website werden in der Regel an einen Server von Google in den USA \u00fcbertragen und dort gespeichert. Im Falle der Aktivierung der IP-Anonymisierung auf dieser Website, wird Ihre IP-Adresse von Google jedoch innerhalb von Mitgliedstaaten der Europ\u00e4ischen Union oder in anderen Vertragsstaaten des Abkommens \u00fcber den Europ\u00e4ischen Wirtschaftsraum zuvor gek\u00fcrzt. Nur in Ausnahmef\u00e4llen wird die volle IP-Adresse an einen Server von Google in den USA \u00fcbertragen und dort gek\u00fcrzt. Im Auftrag des Betreibers dieser Website wird Google diese Informationen benutzen, um Ihre Nutzung der Website auszuwerten, um Reports \u00fcber die Website-Aktivit\u00e4ten zusammenzustellen und um weitere mit der Website-Nutzung und der Internetnutzung verbundene Dienstleistungen gegen\u00fcber dem Website-Betreiber zu erbringen.<br \/>\nDie im Rahmen von Google Analytics von Ihrem Browser \u00fcbermittelte IP-Adresse wird nicht mit anderen Daten von Google zusammengef\u00fchrt.<br \/>\nSie k\u00f6nnen die Speicherung der Cookies durch eine entsprechende Einstellung Ihrer Browser-Software verhindern; wir weisen Sie jedoch darauf hin, dass Sie in diesem Fall gegebenenfalls nicht s\u00e4mtliche Funktionen dieser Website vollumf\u00e4nglich werden nutzen k\u00f6nnen.<br \/>\nSie k\u00f6nnen dar\u00fcber hinaus die Erfassung der durch das Cookie erzeugten und auf Ihre Nutzung der Website bezogenen Daten (inkl. Ihrer IP-Adresse) an Google sowie die Verarbeitung dieser Daten durch Google verhindern, indem sie das unter dem folgenden Link verf\u00fcgbare Browser-Plug-in herunterladen und installieren:<br \/>\n<a href=\"http:\/\/tools.google.com\/dlpage\/gaoptout?hl=de\">http:\/\/tools.google.com\/dlpage\/gaoptout?hl=de\u00a0<\/a>.<\/p>\n<p>Diese Website verwendet Google Analytics mit der Erweiterung \u201e_anonymizeIp()\u201c. Dadurch werden IP-Adressen gek\u00fcrzt weiterverarbeitet, eine direkte Personenbeziehbarkeit kann damit ausgeschlossen werden.<br \/>\nDie Nutzung von Google Analytics erfolgt in \u00dcbereinstimmung mit den Voraussetzungen, auf die sich die deutschen Datenschutzbeh\u00f6rden mit Google verst\u00e4ndigten. Informationen des Drittanbieters:<\/p>\n<p>Google Dublin, Google Ireland Ltd., Gordon House, Barrow Street, Dublin 4,<br \/>\nIreland, Fax: +353 (1) 436 1001.<\/p>\n<p>Nutzerbedingungen:<br \/>\n<a href=\"http:\/\/www.google.com\/analytics\/terms\/de.html\">http:\/\/www.google.com\/analytics\/terms\/de.html<\/a>,<\/p>\n<p>\u00dcbersicht zum Datenschutz:<br \/>\n<a href=\"http:\/\/www.google.com\/intl\/de\/analytics\/learn\/privacy.html\">http:\/\/www.google.com\/intl\/de\/analytics\/learn\/privacy.html<\/a>,<\/p>\n<p>sowie die Datenschutzerkl\u00e4rung:<br \/>\n<a href=\"http:\/\/www.google.de\/intl\/de\/policies\/privacy\">http:\/\/www.google.de\/intl\/de\/policies\/privacy<\/a>.<\/p>\n<h3>7. Nutzung von Funktionen unserer Website<\/h3>\n<p>Neben der rein informatorischen Nutzung unserer Website bieten wir verschiedene Leistungen an, die Sie bei Interesse nutzen k\u00f6nnen. Dazu m\u00fcssen Sie in der Regel weitere pers\u00f6nliche Daten angeben, die wir zur Erbringung der jeweiligen Leistung nutzen. Wenn zus\u00e4tzliche freiwillige Angaben m\u00f6glich sind, sind diese entsprechend gekennzeichnet.<\/p>\n<h3>7.1 Nutzung Funktion \u201eKontakt\u201c<\/h3>\n<p>Bei Ihrer Kontaktaufnahme mit uns per E-Mail oder \u00fcber das Kontaktformular wird Ihre E-Mail-Adresse und, falls Sie dies angeben, Ihr Name und Ihre Telefonnummer von uns gespeichert, um Ihre Fragen zu beantworten.<\/p>\n<h3>7.2 Nutzung Funktion \u201eSupport\u201c<\/h3>\n<p>Bei Ihrer Supportanfrage werden Sie aufgefordert, eine E-Mail-Anfrage zu senden. Daher wird bei Ihrer Kontaktaufnahme hier Ihre E-Mail-Adresse, Ihr Name und, falls Sie dies angeben, Ihre Telefonnummer von uns gespeichert, um Ihre Fragen zu beantworten. Auch Ihre Nachricht wird von uns zur Bearbeitung Ihrer Anfrage gespeichert.<\/p>\n<h3>7.3 Nutzung Funktion &#8222;Quick Support&#8220; und &#8222;Quick Meeting&#8220;<\/h3>\n<p>F\u00fcr eine Fernwartung, sofern diese von Ihnen gew\u00fcnscht wird, wird von uns die Software<br \/>\n&#8220; TeamViewer &#8220;<br \/>\nverwendet. Bei der Verwendung dieser Software werden personenbezogene Daten \u00fcbermittelt.<br \/>\nInformationen dazu finden Sie auf der Webseite von TeamViewer:<\/p>\n<p><a href=\"https:\/\/www.teamviewer.com\/de\/use-cases\/remote-support\/\">https:\/\/www.teamviewer.com\/de\/use-cases\/remote-support\/<\/a><br \/>\n<a href=\"https:\/\/www.teamviewer.com\/de\/privacy-policy\/\">https:\/\/www.teamviewer.com\/de\/privacy-policy\/ <\/a><\/p>\n<h3>8. Einwilligung und Zweckbindung<\/h3>\n<p>Bei der Eingabe pers\u00f6nlicher oder gesch\u00e4ftlicher Daten (E-Mail-Adressen, Namen, Anschriften) erfolgt die Preisgabe Ihrer Daten auf freiwilliger Basis. Sie erkl\u00e4ren sich durch die Eingabe dazu bereit, dass die eingegebenen Daten zum Zweck der Kontaktaufnahme, der Vertragsabwicklung, zur Werbung oder zur Wahrung berechtigter eigener Gesch\u00e4ftsinteressen im Hinblick auf die Beratung und Betreuung unserer Kunden und Interessenten erhoben,<br \/>\nverarbeitet oder genutzt werden. Eine Erhebung, Verarbeitung oder Nutzung zu einem anderen Zweck erfolgt nicht. Diese Einwilligung kann jederzeit mit Wirkung f\u00fcr die Zukunft widerrufen werden.<\/p>\n<p><strong>Eine Weitergabe dieser Daten an Dritte erfolgt nicht, es sei denn, sie wird von Ihnen ausdr\u00fccklich gew\u00fcnscht.<\/strong><\/p>\n<h3>9. Einbindung der Dienste Dritter<\/h3>\n<p>Es kann vorkommen, dass innerhalb dieses Onlineangebotes Inhalte Dritter, wie zum Beispiel Videos von YouTube, Kartenmaterial von Google-Maps, RSS-Feeds oder Grafiken von anderen Webseiten eingebunden werden. Dies setzt immer vo-raus, dass die Anbieter dieser Inhalte (nachfolgend bezeichnet als &#8222;Dritt-Anbieter&#8220;) die IP-Adresse der Nutzer wahrnehmen.<br \/>\nDenn ohne die IP-Adresse, k\u00f6nnten sie die Inhalte nicht an den Browser des jeweiligen Nutzers senden. Die IP-Adresse ist damit f\u00fcr die Darstellung dieser Inhalte erforderlich. Wir bem\u00fchen uns nur solche Inhalte zu verwenden, deren jeweilige Anbieter die IP-Adresse lediglich zur Auslieferung der Inhalte verwenden. Jedoch haben wir keinen Einfluss darauf, falls die Dritt-Anbieter die IP-Adresse z.B. f\u00fcr statistische Zwecke speichern. So-weit dies<br \/>\nuns bekannt ist, kl\u00e4ren wir die Nutzer dar\u00fcber auf.<br \/>\nStets achten wir darauf, dass stets der europ\u00e4ische Datenschutzstandard gewahrt bleibt, um Ihre Daten effektiv sch\u00fctzen zu k\u00f6nnen.<\/p>\n<h3>10. Weitere Informationen<\/h3>\n<p>Ihr Vertrauen ist uns wichtig. Daher m\u00f6chten wir Ihnen jederzeit Rede und Antwort bez\u00fcglich<br \/>\nder Verarbeitung Ihrer personenbezogenen Daten stehen. Wenn Sie Fragen haben, die Ihnen<br \/>\ndiese Datenschutzerkl\u00e4rung nicht beantworten konnte oder wenn Sie zu einem Punkt vertiefte<br \/>\nInformationen w\u00fcnschen, wenden Sie sich bitte jederzeit an einen unserer Mitarbeiter:<br \/>\n<a href=\"mailto:office@ana-u.com\">office@ana-u.com<\/a><\/p>\n<h3>11. Anschrift<\/h3>\n<p>ANA-U GmbH<br \/>\nJahngasse 17<br \/>\n8200 Gleisdorf<br \/>\n\u00d6sterreich<br \/>\nTelefon: +43 (0) 3112 36841<br \/>\nFax: +43 (0) 3112 36841 &#8211; 20<br \/>\nE-Mail: <a href=\"mailto:office@ana-u.com\">office@ana-u.com<\/a><\/p>\n<\/div><\/section><\/div>\n","protected":false},"excerpt":{"rendered":"","protected":false},"author":2,"featured_media":0,"parent":0,"menu_order":0,"comment_status":"closed","ping_status":"closed","template":"","meta":{"footnotes":""},"_links":{"self":[{"href":"https:\/\/www.dascomcardprinter.at\/index.php\/wp-json\/wp\/v2\/pages\/558"}],"collection":[{"href":"https:\/\/www.dascomcardprinter.at\/index.php\/wp-json\/wp\/v2\/pages"}],"about":[{"href":"https:\/\/www.dascomcardprinter.at\/index.php\/wp-json\/wp\/v2\/types\/page"}],"author":[{"embeddable":true,"href":"https:\/\/www.dascomcardprinter.at\/index.php\/wp-json\/wp\/v2\/users\/2"}],"replies":[{"embeddable":true,"href":"https:\/\/www.dascomcardprinter.at\/index.php\/wp-json\/wp\/v2\/comments?post=558"}],"version-history":[{"count":5,"href":"https:\/\/www.dascomcardprinter.at\/index.php\/wp-json\/wp\/v2\/pages\/558\/revisions"}],"predecessor-version":[{"id":955,"href":"https:\/\/www.dascomcardprinter.at\/index.php\/wp-json\/wp\/v2\/pages\/558\/revisions\/955"}],"wp:attachment":[{"href":"https:\/\/www.dascomcardprinter.at\/index.php\/wp-json\/wp\/v2\/media?parent=558"}],"curies":[{"name":"wp","href":"https:\/\/api.w.org\/{rel}","templated":true}]}}